{"id":1012,"date":"2020-05-10T20:35:14","date_gmt":"2020-05-10T20:35:14","guid":{"rendered":"http:\/\/harrietweltyrochefort.com\/wordpress\/?page_id=1012"},"modified":"2020-12-03T14:57:45","modified_gmt":"2020-12-03T14:57:45","slug":"final-transgression","status":"publish","type":"page","link":"https:\/\/harrietweltyrochefort.com\/?page_id=1012","title":{"rendered":"Final Transgression"},"content":{"rendered":"\n<h3 class=\"wp-block-heading\">One Woman\u2019s Tragic Destiny in War-torn&nbsp;France<\/h3>\n\n\n\n<p>Two sisters, two different destinies. In <em>Final Transgression<\/em>, 85-year-old Caroline Aubry tells the tale of the tragic wartime destiny of her beloved younger sister, S\u00e9verine. From their humble beginnings in a hamlet in the southwest of France to a ch\u00e2teau where S\u00e9verine becomes the proteg\u00e9e of the beautiful countess who employs their parents, their trajectories differ. After they move to Paris, the pragmatic Caroline becomes a successful designer and the high-spirited Severine marries a rich jeweler. When WW2 breaks out and her collaborationist husband betrays her, the headstrong S\u00e9verine flees to the chateau and the countess \u2013\u2013 in spite of warnings about the risk of traveling to an area that is a fierce battleground for rival groups of r\u00e9sistants, Nazis and collaborators. Severine is beautiful, intelligent but obstinate \u2013 and it is that obstinacy that will ultimately seal her fate. The end of the war in France was a time for settling scores. S\u00e9verine, an ordinary woman living in extraordinary times, unwittingly hands the hangman\u2019s noose to her enemies in one egregious act\u2014her final transgression.<\/p>\n\n\n\n<div class=\"wp-block-image\"><figure class=\"aligncenter size-large is-resized\"><img loading=\"lazy\" decoding=\"async\" src=\"http:\/\/harrietweltyrochefort.com\/wordpress\/wp-content\/uploads\/2020\/05\/CoverTransgression-683x1024.jpg\" alt=\"\" class=\"wp-image-994\" width=\"254\" height=\"381\" srcset=\"https:\/\/harrietweltyrochefort.com\/wp-content\/uploads\/2020\/05\/CoverTransgression-683x1024.jpg 683w, https:\/\/harrietweltyrochefort.com\/wp-content\/uploads\/2020\/05\/CoverTransgression-200x300.jpg 200w, https:\/\/harrietweltyrochefort.com\/wp-content\/uploads\/2020\/05\/CoverTransgression-768x1151.jpg 768w, https:\/\/harrietweltyrochefort.com\/wp-content\/uploads\/2020\/05\/CoverTransgression-1025x1536.jpg 1025w, https:\/\/harrietweltyrochefort.com\/wp-content\/uploads\/2020\/05\/CoverTransgression-1367x2048.jpg 1367w, https:\/\/harrietweltyrochefort.com\/wp-content\/uploads\/2020\/05\/CoverTransgression-scaled.jpg 1709w\" sizes=\"auto, (max-width: 254px) 100vw, 254px\" \/><\/figure><\/div>\n\n\n\n<p><\/p>\n\n\n\n<h3 class=\"wp-block-heading\">Conversation with Harriet<\/h3>\n\n\n\n<p>Below, U.S.-based writer and editor Lucy Sieger interviews Harriet about her latest book,  <em>Final Transgression<\/em>.&nbsp; &nbsp;Additional questions and answers will be added as they arise.&nbsp;&nbsp; Perhaps you have a question that hasn\u2019t been brought up here? Don\u2019t hesitate to write, using the <a href=\"http:\/\/harrietweltyrochefort.com\/wordpress\/?page_id=979\">Contact <\/a>form on this site.<\/p>\n\n\n\n<p><u>What inspired you to write this story?<\/u><\/p>\n\n\n\n<p>I was inspired to write this because I married a Frenchman and his family often talked about the war. They told many stories about life in WW2 but one that was not told, but only hinted at, was about a relative who, near the end of the War, met her fate in a tragic way. I only learned the barebones of that story but it fueled my imagination. It also fueled my curiosity about the political situation in the southwest of France where rival groups of <em>r\u00e9sistants<\/em> fought not only the Nazis but their own countrymen basically over who would take power after the war.&nbsp; I knew nothing about this aspect of WW2 in France and it astounded me and inspired me to plunge into the history of those times and events. The characters and places are fictional but the historical events of both pre-War France and France during the War are true and have been thoroughly researched.<\/p>\n\n\n\n<p><u>Do French people today still talk about World War 2?&nbsp; How close is it to them?<\/u><\/p>\n\n\n\n<p>It is very close indeed to the older generation, less so to the younger. I remember how, as a young bride,  I followed my mother-in-law into the kitchen where I began peeling potatoes. She watched silently for a minute, then admonished me kindly: \u201c<em>Ah, ma petite fille, je vois que vous n\u2019avez pas connue la guerre<\/em>\u201d (Honey, I see that you didn\u2019t live during the War\u201d).\u00a0 \u00a0She proceeded to pluck the potato from my hands and demonstrate how to peel it without taking off huge chunks of skin. During the War, she told me, it was important to conserve every single bit. \u00a0Almost every conversation with my French in-laws was peppered with reminiscences of the War \u2013 how the family was under curfew and would sneak out in pitch dark to go to a next door neighbor\u2019s house to play cards, how my husband, only 2 at the time, was fascinated by the blond American soldier who offered him chewing gum, something he had never seen before, how an American plane was shot down and landed right in the cemetery of the village church and how my husband\u2019s grandmother grabbed a sheet and ran to cover the dead pilot\u2019s body. The stories flowed. I now wish I had written every single one down.<\/p>\n\n\n\n<p><u>Why is the fate of Severine so dependent upon three men? And, why would a woman choose to have a child during such a tumultuous, uncertain time?<\/u><\/p>\n\n\n\n<p>S\u00e9verine is less independent that she would like to think she is.&nbsp; She has always been cossetted and coddled, first by her parents and her sister Caroline, then by the lady of the castle who has taken her under her wing. Her childhood friend Paul loves her unconditionally and even Luc ignores his unrequited love and can\u2019t bring himself not to love her.&nbsp; As far as having a child during such a tumultuous time is concerned, S\u00e9verine has only one goal: to ignore her husband\u2019s political leanings and concentrate on getting him to make her a baby. The \u201cbaby\u201d of her own family, her only strong desire in life is to have a child of her own to coddle and cajole and love the way she has been coddled and cajoled and loved \u2013 war or no war.<\/p>\n\n\n\n<p><u>Why did the protagonist return to such a dangerous and risky place at such a dangerous time?<\/u><\/p>\n\n\n\n<p>S\u00e9verine is beautiful, intelligent, saucy and headstrong. She generally does what she wants and doesn\u2019t listen to other people. She puts her urgent need to get away from her cheating husband before any considerations of safety. For her, living with a man who lied to her was untenable. Next to the comfort and solace she will find in the castle with the countess, the question of whether the area is dangerous or risky seems to be superfluous.<\/p>\n\n\n\n<p><u>Why do you defend, or at least seem to defend, a woman who has (supposedly) betrayed her country by collaborating with the Nazis?<\/u><\/p>\n\n\n\n<p>One thing I wanted to illustrate in this book is that during the War not all was black and white.\u00a0 There were many, many gray areas.\u00a0\u00a0 I could write more about a \u201cdefense\u201d of S\u00e9verine and her stupid actions but I don\u2019t want to give away the plot to those who have not read the book!<\/p>\n\n\n\n<p><u>Why did Luc finally put political considerations before personal ones?<\/u><\/p>\n\n\n\n<p>Again, I don\u2019t want to \u201cgive away\u201d Luc\u2019s reasons but a simple answer would be that S\u00e9verine pushed him too far one time too many.\u00a0<\/p>\n\n\n\n<p><u>You never talk about the Jews and the Holocaust in the book. Why?<\/u><\/p>\n\n\n\n<p>First of all, never say never! I have a Jewish character, Madame Hertzberg, whose shop is taken over by an Aryan owner.\u00a0But, remember: S\u00e9verine grew up in a small town in the provinces where she didn&#8217;t know any Jews because there weren&#8217;t any.  To answer the larger question, this book was intentionally written to reflect the life of an ordinary non-Jewish French woman in extraordinary times. There is an idea that all the French were anti-Semitic which is not true. You will see different stances through the different characters in the novel.\u00a0 There were dreadful anti-Semites in France, just as there were Christians and people of all faiths who hid and helped the Jews. Again, I try to highlight the fact that during the war not all was black and white.<\/p>\n\n\n\n<p><u>What did you discover about the daily life of French people under the German occupation that you didn\u2019t know?<\/u><\/p>\n\n\n\n<p>As I mentioned above, I discovered, and I hope my readers will discover, the vicious rivalries between groups of <em>R\u00e9sistants.<\/em> I thought that the Resistance was a monolithic bloc and discovered that there were many different groups of resisters, formed on the basis of their politics (communist, Gaullist, etc.). I discovered that food rations were dire and that this accounts for the bad teeth of many in that generation. (It also accounts for the French love for, emphasis on and appreciation of good food!).\u00a0 I discovered the obligation of business owners to go back several generations to prove their Aryan ancestry. My father-in-law, a business owner, was obliged to do this. I discovered many, many things I did not know which is why I placed a short bibliography, glossary and timeline at the end of the book.<\/p>\n\n\n\n<hr class=\"wp-block-separator\"\/>\n\n\n\n<p>For more about Final Transgression: <a href=\"http:\/\/www.understandfrance.org\/Books\/Transgression.html\">http:\/\/www.understandfrance.org\/Books\/Transgression.html<\/a><\/p>\n\n\n\n<h3 class=\"wp-block-heading\">Buy the book<\/h3>\n\n\n\n<p><a href=\"https:\/\/www.amazon.com\/gp\/product\/B08945KMNN\/ref=dbs_a_def_rwt_bibl_vppi_i0\" target=\"_blank\" rel=\"noreferrer noopener\">Click here to buy FINAL TRANSGRESSION at Amazon.com (US $)<\/a><\/p>\n\n\n\n<p><a href=\"https:\/\/www.amazon.fr\/gp\/product\/B08945KMNN\/ref=dbs_a_def_rwt_bibl_vppi_i3\" target=\"_blank\" rel=\"noreferrer noopener\">Click here to buy FINAL TRANSGRESSION at Amazon.fr (EURO)<\/a><\/p>\n\n\n\n<p><\/p>\n","protected":false},"excerpt":{"rendered":"<p>One Woman\u2019s Tragic Destiny in War-torn&nbsp;France Two sisters, two different destinies. In Final Transgression, 85-year-old Caroline Aubry tells the tale of the tragic wartime destiny of her beloved younger sister, S\u00e9verine. From their humble beginnings in a hamlet in the southwest of France to a ch\u00e2teau where S\u00e9verine becomes the proteg\u00e9e of the beautiful countess [&hellip;]<\/p>\n","protected":false},"author":783,"featured_media":0,"parent":0,"menu_order":0,"comment_status":"closed","ping_status":"closed","template":"","meta":{"site-sidebar-layout":"default","site-content-layout":"default","ast-site-content-layout":"default","site-content-style":"default","site-sidebar-style":"default","ast-global-header-display":"","ast-banner-title-visibility":"","ast-main-header-display":"","ast-hfb-above-header-display":"","ast-hfb-below-header-display":"","ast-hfb-mobile-header-display":"","site-post-title":"","ast-breadcrumbs-content":"","ast-featured-img":"","footer-sml-layout":"","ast-disable-related-posts":"","theme-transparent-header-meta":"default","adv-header-id-meta":"","stick-header-meta":"","header-above-stick-meta":"","header-main-stick-meta":"","header-below-stick-meta":"","astra-migrate-meta-layouts":"default","ast-page-background-enabled":"default","ast-page-background-meta":{"desktop":{"background-color":"","background-image":"","background-repeat":"repeat","background-position":"center center","background-size":"auto","background-attachment":"scroll","background-type":"","background-media":"","overlay-type":"","overlay-color":"","overlay-opacity":"","overlay-gradient":""},"tablet":{"background-color":"","background-image":"","background-repeat":"repeat","background-position":"center center","background-size":"auto","background-attachment":"scroll","background-type":"","background-media":"","overlay-type":"","overlay-color":"","overlay-opacity":"","overlay-gradient":""},"mobile":{"background-color":"","background-image":"","background-repeat":"repeat","background-position":"center center","background-size":"auto","background-attachment":"scroll","background-type":"","background-media":"","overlay-type":"","overlay-color":"","overlay-opacity":"","overlay-gradient":""}},"ast-content-background-meta":{"desktop":{"background-color":"var(--ast-global-color-5)","background-image":"","background-repeat":"repeat","background-position":"center center","background-size":"auto","background-attachment":"scroll","background-type":"","background-media":"","overlay-type":"","overlay-color":"","overlay-opacity":"","overlay-gradient":""},"tablet":{"background-color":"var(--ast-global-color-5)","background-image":"","background-repeat":"repeat","background-position":"center center","background-size":"auto","background-attachment":"scroll","background-type":"","background-media":"","overlay-type":"","overlay-color":"","overlay-opacity":"","overlay-gradient":""},"mobile":{"background-color":"var(--ast-global-color-5)","background-image":"","background-repeat":"repeat","background-position":"center center","background-size":"auto","background-attachment":"scroll","background-type":"","background-media":"","overlay-type":"","overlay-color":"","overlay-opacity":"","overlay-gradient":""}},"footnotes":""},"class_list":["post-1012","page","type-page","status-publish","hentry"],"_links":{"self":[{"href":"https:\/\/harrietweltyrochefort.com\/index.php?rest_route=\/wp\/v2\/pages\/1012","targetHints":{"allow":["GET"]}}],"collection":[{"href":"https:\/\/harrietweltyrochefort.com\/index.php?rest_route=\/wp\/v2\/pages"}],"about":[{"href":"https:\/\/harrietweltyrochefort.com\/index.php?rest_route=\/wp\/v2\/types\/page"}],"author":[{"embeddable":true,"href":"https:\/\/harrietweltyrochefort.com\/index.php?rest_route=\/wp\/v2\/users\/783"}],"replies":[{"embeddable":true,"href":"https:\/\/harrietweltyrochefort.com\/index.php?rest_route=%2Fwp%2Fv2%2Fcomments&post=1012"}],"version-history":[{"count":12,"href":"https:\/\/harrietweltyrochefort.com\/index.php?rest_route=\/wp\/v2\/pages\/1012\/revisions"}],"predecessor-version":[{"id":1219,"href":"https:\/\/harrietweltyrochefort.com\/index.php?rest_route=\/wp\/v2\/pages\/1012\/revisions\/1219"}],"wp:attachment":[{"href":"https:\/\/harrietweltyrochefort.com\/index.php?rest_route=%2Fwp%2Fv2%2Fmedia&parent=1012"}],"curies":[{"name":"wp","href":"https:\/\/api.w.org\/{rel}","templated":true}]}}